{"id":205,"date":"2026-04-18T01:17:31","date_gmt":"2026-04-18T01:17:31","guid":{"rendered":"https:\/\/tucontenido.com.co\/tattoosync\/?page_id=205"},"modified":"2026-04-18T02:45:13","modified_gmt":"2026-04-18T02:45:13","slug":"informacion","status":"publish","type":"page","link":"https:\/\/tucontenido.com.co\/tattoosync\/informacion\/","title":{"rendered":"INFORMACION"},"content":{"rendered":"\t\t<div data-elementor-type=\"wp-page\" data-elementor-id=\"205\" class=\"elementor elementor-205\" data-elementor-post-type=\"page\">\n\t\t\t\t\t\t<a class=\"elementor-element elementor-element-c8801eb e-con e-atomic-element e-flexbox-base e-c8801eb-09a0a3c\" data-id=\"c8801eb\" data-element_type=\"e-flexbox\" data-e-type=\"e-flexbox\" data-interaction-id=\"c8801eb\" href=\"https:\/\/www.youtube.com\/watch?v=0lF4OJrLDjM\" target=\"_self\" data-e-type=\"e-flexbox\" data-id=\"c8801eb\" >\n\t\t\t\t\t\t\t\t\t<div data-id=\"a2ab1f1\" data-interaction-id=\"a2ab1f1\" data-e-type=\"e-youtube\"  class=\"e-youtube-base\" data-e-type=\"widget\" data-id=\"a2ab1f1\" data-settings=\"&#x7B;&quot;source&quot;&#x3A;&quot;https&#x3A;&#x5C;&#x2F;&#x5C;&#x2F;www.youtube.com&#x5C;&#x2F;watch&#x3F;v&#x3D;XHOmBV4js_E&quot;,&quot;autoplay&quot;&#x3A;false,&quot;mute&quot;&#x3A;false,&quot;controls&quot;&#x3A;true,&quot;cc_load_policy&quot;&#x3A;false,&quot;loop&quot;&#x3A;false,&quot;rel&quot;&#x3A;true,&quot;start&quot;&#x3A;null,&quot;end&quot;&#x3A;null,&quot;privacy&quot;&#x3A;false,&quot;lazyload&quot;&#x3A;false&#x7D;\"><\/div>\n\t\t\t\t<\/a>\n\t\t<div class=\"elementor-element elementor-element-23bec12 e-flex e-con-boxed e-con e-parent\" data-id=\"23bec12\" data-element_type=\"container\" data-e-type=\"container\">\n\t\t\t\t\t<div class=\"e-con-inner\">\n\t\t\t\t\t\t\t\n\t\t<img class=\"e-image-base e-8752c8a-0463d92\" \n\t\t\t\t\tdata-interaction-id=\"8752c8a\" \n\t\t \n\t\t data-e-type=\"widget\" data-id=\"8752c8a\"\n\t\t\t\t\t\t\t\t\tid=\"180\"\n\t\t\t\t\t\t\t\t\t\t\t\tsrc=\"https:\/\/tucontenido.com.co\/tattoosync\/wp-content\/uploads\/2026\/04\/TattooSync12.jpg\"\n\t\t\t\t\t\t\t\t\t\t\t\twidth=\"533\"\n\t\t\t\t\t\t\t\t\t\t\t\theight=\"108\"\n\t\t\t\t\t\t\t\t\t\t\t\tsrcset=\"https:\/\/tucontenido.com.co\/tattoosync\/wp-content\/uploads\/2026\/04\/TattooSync12.jpg 533w, https:\/\/tucontenido.com.co\/tattoosync\/wp-content\/uploads\/2026\/04\/TattooSync12-300x61.jpg 300w\"\n\t\t\t\t\t\t\t\t\t\t\t\talt=\"\"\n\t\t\t\t\t\t\/>\n\t\t\t\t\t\t<\/div>\n\t\t\t\t<\/div>\n\t\t\t\t<div class=\"elementor-element elementor-element-e9fcfcb e-con e-atomic-element e-flexbox-base e-e9fcfcb-d3b47de\" data-id=\"e9fcfcb\" data-element_type=\"e-flexbox\" data-e-type=\"e-flexbox\" data-interaction-id=\"e9fcfcb\" data-e-type=\"e-flexbox\" data-id=\"e9fcfcb\">\n\t\t\t\t\t\t\t  \t<video\n    data-id=\"8d770db\" data-interaction-id=\"8d770db\"\n    data-e-type=\"e-self-hosted-video\" data-interactions=\"null\"\n    \n    class=\"e-8d770db-13259b1 e-self-hosted-video-base\"\n    data-e-type=\"widget\" data-id=\"8d770db\"\n\t\tclass=\"e-self-hosted-video-base\"\n\t\t\t\tautoplay\t\t\t\tloop\t\t\t\t\t\tcontrolslist=\"nodownload\"\t\tpreload=\"metadata\"\n\t>\n\t\t<source src=\"https:\/\/tucontenido.com.co\/tattoosync\/wp-content\/uploads\/2026\/04\/A-CINEMATIC-TATTOO-B-ROLL-THE-HOBBY-TATTOO.mp4#t=50,100\">\n\t<\/video>\n\t\t\t\t<\/div>\n\t\t\t\t<div class=\"elementor-element elementor-element-f127f3f e-con e-atomic-element e-flexbox-base e-f127f3f-8517421\" data-id=\"f127f3f\" data-element_type=\"e-flexbox\" data-e-type=\"e-flexbox\" data-interaction-id=\"f127f3f\" data-e-type=\"e-flexbox\" data-id=\"f127f3f\">\n\t\t\t\t\t\n<hr class=\"e-divider-base\" data-interaction-id=\"6a7421d\"  data-e-type=\"widget\" data-id=\"6a7421d\" \/>\n\t\t\t\t<\/div>\n\t\t\t\t<div class=\"elementor-element elementor-element-b86cb29 e-con e-atomic-element e-flexbox-base e-b86cb29-a70c097\" data-id=\"b86cb29\" data-element_type=\"e-flexbox\" data-e-type=\"e-flexbox\" data-interaction-id=\"b86cb29\" data-e-type=\"e-flexbox\" data-id=\"b86cb29\">\n\t\t\t\t\t\n<hr class=\"e-c530129-3a9b009 e-divider-base\" data-interaction-id=\"c530129\"  data-e-type=\"widget\" data-id=\"c530129\" \/>\n\t\t\t\t<\/div>\n\t\t<div class=\"elementor-element elementor-element-086d207 e-transform e-flex e-con-boxed e-con e-parent\" data-id=\"086d207\" data-element_type=\"container\" data-e-type=\"container\" data-settings=\"{&quot;_transform_scale_effect_hover&quot;:{&quot;unit&quot;:&quot;px&quot;,&quot;size&quot;:1.1,&quot;sizes&quot;:[]},&quot;_transform_scale_effect_hover_tablet&quot;:{&quot;unit&quot;:&quot;px&quot;,&quot;size&quot;:&quot;&quot;,&quot;sizes&quot;:[]},&quot;_transform_scale_effect_hover_mobile&quot;:{&quot;unit&quot;:&quot;px&quot;,&quot;size&quot;:&quot;&quot;,&quot;sizes&quot;:[]}}\">\n\t\t\t\t\t<div class=\"e-con-inner\">\n\t\t\t\t<div class=\"elementor-element elementor-element-adbb930 elementor-widget__width-initial elementor-widget elementor-widget-text-editor\" data-id=\"adbb930\" data-element_type=\"widget\" data-e-type=\"widget\" data-widget_type=\"text-editor.default\">\n\t\t\t\t\t\t\t\t\t<p>Conectamos tu idea con el tatuador ideal. Somos una plataforma dise\u00f1ada para que en el momento de agendar tu cita sea f\u00e1cil, r\u00e1pido y con una experiencia de alto nivel.<\/p><p>Explora artistas seg\u00fan tu estilo, conoce su trabajo y reserva en pocos pasos. Nos encargamos de que todo el proceso sea claro, seguro y sin complicaciones, cuidando cada detalle tanto para ti como para el tatuador.<\/p><p>Para confirmar tu cita, trabajamos con un abono previo obligatorio. Esto garantiza tu espacio y respeta el tiempo del artista, ofreciendo un servicio m\u00e1s exclusivo y organizado.<\/p><p>Menos vueltas, m\u00e1s tinta. Una experiencia simple, segura y a otro nivel.<\/p>\t\t\t\t\t\t\t\t<\/div>\n\t\t\t\t\t<\/div>\n\t\t\t\t<\/div>\n\t\t<div class=\"elementor-element elementor-element-a2ecf37 e-flex e-con-boxed e-con e-parent\" data-id=\"a2ecf37\" data-element_type=\"container\" data-e-type=\"container\" data-settings=\"{&quot;background_background&quot;:&quot;classic&quot;}\">\n\t\t\t\t\t<div class=\"e-con-inner\">\n\t\t\t\t<div class=\"elementor-element elementor-element-ac3c49e elementor-widget elementor-widget-heading\" data-id=\"ac3c49e\" data-element_type=\"widget\" data-e-type=\"widget\" data-widget_type=\"heading.default\">\n\t\t\t\t\t<h2 class=\"elementor-heading-title elementor-size-default\">Misi\u00f3n<\/h2>\t\t\t\t<\/div>\n\t\t\t\t\t<\/div>\n\t\t\t\t<\/div>\n\t\t<div class=\"elementor-element elementor-element-d512be2 e-flex e-con-boxed e-con e-parent\" data-id=\"d512be2\" data-element_type=\"container\" data-e-type=\"container\">\n\t\t\t\t\t<div class=\"e-con-inner\">\n\t\t\t\t<div class=\"elementor-element elementor-element-0f592ab e-transform elementor-widget elementor-widget-text-editor\" data-id=\"0f592ab\" data-element_type=\"widget\" data-e-type=\"widget\" data-settings=\"{&quot;_transform_scale_effect_hover&quot;:{&quot;unit&quot;:&quot;px&quot;,&quot;size&quot;:1.1,&quot;sizes&quot;:[]},&quot;_transform_scale_effect_hover_tablet&quot;:{&quot;unit&quot;:&quot;px&quot;,&quot;size&quot;:&quot;&quot;,&quot;sizes&quot;:[]},&quot;_transform_scale_effect_hover_mobile&quot;:{&quot;unit&quot;:&quot;px&quot;,&quot;size&quot;:&quot;&quot;,&quot;sizes&quot;:[]}}\" data-widget_type=\"text-editor.default\">\n\t\t\t\t\t\t\t\t\t<p><br \/>Convertimos ideas en tinta, conectando personas con artistas que entienden su historia. Creamos una experiencia fluida, segura y cuidada en cada detalle, donde agendar tu tatuaje se siente tan bien como llevarlo<\/p>\t\t\t\t\t\t\t\t<\/div>\n\t\t\t\t\t<\/div>\n\t\t\t\t<\/div>\n\t\t<div class=\"elementor-element elementor-element-81db40f e-flex e-con-boxed e-con e-parent\" data-id=\"81db40f\" data-element_type=\"container\" data-e-type=\"container\" data-settings=\"{&quot;background_background&quot;:&quot;classic&quot;}\">\n\t\t\t\t\t<div class=\"e-con-inner\">\n\t\t\t\t<div class=\"elementor-element elementor-element-89ca171 elementor-widget elementor-widget-heading\" data-id=\"89ca171\" data-element_type=\"widget\" data-e-type=\"widget\" data-widget_type=\"heading.default\">\n\t\t\t\t\t<h2 class=\"elementor-heading-title elementor-size-default\">Visi\u00f3n<\/h2>\t\t\t\t<\/div>\n\t\t\t\t\t<\/div>\n\t\t\t\t<\/div>\n\t\t<div class=\"elementor-element elementor-element-fe72891 e-flex e-con-boxed e-con e-parent\" data-id=\"fe72891\" data-element_type=\"container\" data-e-type=\"container\">\n\t\t\t\t\t<div class=\"e-con-inner\">\n\t\t\t\t<div class=\"elementor-element elementor-element-48b11e0 e-transform elementor-widget elementor-widget-text-editor\" data-id=\"48b11e0\" data-element_type=\"widget\" data-e-type=\"widget\" data-settings=\"{&quot;_transform_scale_effect_hover&quot;:{&quot;unit&quot;:&quot;px&quot;,&quot;size&quot;:1.1,&quot;sizes&quot;:[]},&quot;_transform_scale_effect_hover_tablet&quot;:{&quot;unit&quot;:&quot;px&quot;,&quot;size&quot;:&quot;&quot;,&quot;sizes&quot;:[]},&quot;_transform_scale_effect_hover_mobile&quot;:{&quot;unit&quot;:&quot;px&quot;,&quot;size&quot;:&quot;&quot;,&quot;sizes&quot;:[]}}\" data-widget_type=\"text-editor.default\">\n\t\t\t\t\t\t\t\t\t<p>Ser el lugar donde nacen las mejores historias en la piel. Una plataforma que inspire confianza, eleve el arte del tatuaje y conecte a cada persona con el artista perfecto, creando experiencias \u00fanicas, aut\u00e9nticas y memorables<\/p>\t\t\t\t\t\t\t\t<\/div>\n\t\t\t\t\t<\/div>\n\t\t\t\t<\/div>\n\t\t\t\t<\/div>\n\t\t","protected":false},"excerpt":{"rendered":"<p>Conectamos tu idea con el tatuador ideal. Somos una plataforma dise\u00f1ada para que en el momento de agendar tu cita sea f\u00e1cil, r\u00e1pido y con una experiencia de alto nivel. Explora artistas seg\u00fan tu estilo, conoce su trabajo y reserva en pocos pasos. Nos encargamos de que todo el proceso sea claro, seguro y sin [&hellip;]<\/p>\n","protected":false},"author":1,"featured_media":194,"parent":0,"menu_order":0,"comment_status":"closed","ping_status":"closed","template":"elementor_header_footer","meta":{"footnotes":""},"class_list":["post-205","page","type-page","status-publish","has-post-thumbnail","hentry"],"_links":{"self":[{"href":"https:\/\/tucontenido.com.co\/tattoosync\/wp-json\/wp\/v2\/pages\/205","targetHints":{"allow":["GET"]}}],"collection":[{"href":"https:\/\/tucontenido.com.co\/tattoosync\/wp-json\/wp\/v2\/pages"}],"about":[{"href":"https:\/\/tucontenido.com.co\/tattoosync\/wp-json\/wp\/v2\/types\/page"}],"author":[{"embeddable":true,"href":"https:\/\/tucontenido.com.co\/tattoosync\/wp-json\/wp\/v2\/users\/1"}],"replies":[{"embeddable":true,"href":"https:\/\/tucontenido.com.co\/tattoosync\/wp-json\/wp\/v2\/comments?post=205"}],"version-history":[{"count":103,"href":"https:\/\/tucontenido.com.co\/tattoosync\/wp-json\/wp\/v2\/pages\/205\/revisions"}],"predecessor-version":[{"id":316,"href":"https:\/\/tucontenido.com.co\/tattoosync\/wp-json\/wp\/v2\/pages\/205\/revisions\/316"}],"wp:featuredmedia":[{"embeddable":true,"href":"https:\/\/tucontenido.com.co\/tattoosync\/wp-json\/wp\/v2\/media\/194"}],"wp:attachment":[{"href":"https:\/\/tucontenido.com.co\/tattoosync\/wp-json\/wp\/v2\/media?parent=205"}],"curies":[{"name":"wp","href":"https:\/\/api.w.org\/{rel}","templated":true}]}}